{"id":535,"date":"2013-10-16T15:54:14","date_gmt":"2013-10-16T18:54:14","guid":{"rendered":"http:\/\/thiagosantos.com\/blog\/?page_id=535"},"modified":"2013-10-18T15:27:12","modified_gmt":"2013-10-18T18:27:12","slug":"php-cabeca-cintura","status":"publish","type":"page","link":"https:\/\/thiagosantos.com\/blog\/php-cabeca-cintura\/","title":{"rendered":"PHP &#8211; Da cabe\u00e7a \u00e0 cintura."},"content":{"rendered":"<p><strong>Intro<\/strong><\/p>\n<p>N\u00e3o irei me ater a hist\u00f3ria da linguagem, nem ao seu surgimento e o por qu\u00ea de ser hoje uma das linguagens mais difundidas na internet.\u00a0Vou ser pr\u00e1tico, e tentar passar o conhecimento e a minha desenvoltura adquiridos ao longo dos anos trabalhando com o PHP, nesses posts.<\/p>\n<p><a style=\"line-height: 1.714285714; font-size: 1rem;\" title=\"Parte 1 \u2013 \u201cecho print var_dump print_r\u201d\" href=\"http:\/\/thiagosantos.com\/blog\/521\/php\/1-echo-print-var_dump-print_r\/\">Parte 1 \u2013 \u201cecho print var_dump print_r\u201d<\/a><\/p>\n<p>Parte 2 &#8211; $ vari\u00e1vel<\/p>\n","protected":false},"excerpt":{"rendered":"<p>Intro N\u00e3o irei me ater a hist\u00f3ria da linguagem, nem ao seu surgimento e o por qu\u00ea de ser hoje uma das linguagens mais difundidas na internet.\u00a0Vou ser pr\u00e1tico, e tentar passar o conhecimento e a minha desenvoltura adquiridos ao longo dos anos trabalhando com o PHP, nesses posts. Parte 1 \u2013 \u201cecho print var_dump [&hellip;]<\/p>\n","protected":false},"author":1,"featured_media":0,"parent":0,"menu_order":0,"comment_status":"open","ping_status":"open","template":"","meta":{"footnotes":""},"class_list":["post-535","page","type-page","status-publish","hentry"],"yoast_head":"<!-- This site is optimized with the Yoast SEO plugin v24.3 - https:\/\/yoast.com\/wordpress\/plugins\/seo\/ -->\n<title>PHP - Da cabe\u00e7a \u00e0 cintura. - Pereira, Thiago Santos.<\/title>\n<meta name=\"robots\" content=\"index, follow, max-snippet:-1, max-image-preview:large, max-video-preview:-1\" \/>\n<link rel=\"canonical\" href=\"https:\/\/thiagosantos.com\/blog\/php-cabeca-cintura\/\" \/>\n<meta property=\"og:locale\" content=\"pt_BR\" \/>\n<meta property=\"og:type\" content=\"article\" \/>\n<meta property=\"og:title\" content=\"PHP - Da cabe\u00e7a \u00e0 cintura. - Pereira, Thiago Santos.\" \/>\n<meta property=\"og:description\" content=\"Intro N\u00e3o irei me ater a hist\u00f3ria da linguagem, nem ao seu surgimento e o por qu\u00ea de ser hoje uma das linguagens mais difundidas na internet.\u00a0Vou ser pr\u00e1tico, e tentar passar o conhecimento e a minha desenvoltura adquiridos ao longo dos anos trabalhando com o PHP, nesses posts. Parte 1 \u2013 \u201cecho print var_dump [&hellip;]\" \/>\n<meta property=\"og:url\" content=\"https:\/\/thiagosantos.com\/blog\/php-cabeca-cintura\/\" \/>\n<meta property=\"og:site_name\" content=\"Pereira, Thiago Santos.\" \/>\n<meta property=\"article:modified_time\" content=\"2013-10-18T18:27:12+00:00\" \/>\n<script type=\"application\/ld+json\" class=\"yoast-schema-graph\">{\"@context\":\"https:\/\/schema.org\",\"@graph\":[{\"@type\":\"WebPage\",\"@id\":\"https:\/\/thiagosantos.com\/blog\/php-cabeca-cintura\/\",\"url\":\"https:\/\/thiagosantos.com\/blog\/php-cabeca-cintura\/\",\"name\":\"PHP - Da cabe\u00e7a \u00e0 cintura. - Pereira, Thiago Santos.\",\"isPartOf\":{\"@id\":\"https:\/\/thiagosantos.com\/blog\/#website\"},\"datePublished\":\"2013-10-16T18:54:14+00:00\",\"dateModified\":\"2013-10-18T18:27:12+00:00\",\"inLanguage\":\"pt-BR\",\"potentialAction\":[{\"@type\":\"ReadAction\",\"target\":[\"https:\/\/thiagosantos.com\/blog\/php-cabeca-cintura\/\"]}]},{\"@type\":\"WebSite\",\"@id\":\"https:\/\/thiagosantos.com\/blog\/#website\",\"url\":\"https:\/\/thiagosantos.com\/blog\/\",\"name\":\"Pereira, Thiago Santos.\",\"description\":\"the fun of code.\",\"potentialAction\":[{\"@type\":\"SearchAction\",\"target\":{\"@type\":\"EntryPoint\",\"urlTemplate\":\"https:\/\/thiagosantos.com\/blog\/?s={search_term_string}\"},\"query-input\":{\"@type\":\"PropertyValueSpecification\",\"valueRequired\":true,\"valueName\":\"search_term_string\"}}],\"inLanguage\":\"pt-BR\"}]}<\/script>\n<!-- \/ Yoast SEO plugin. -->","yoast_head_json":{"title":"PHP - Da cabe\u00e7a \u00e0 cintura. - Pereira, Thiago Santos.","robots":{"index":"index","follow":"follow","max-snippet":"max-snippet:-1","max-image-preview":"max-image-preview:large","max-video-preview":"max-video-preview:-1"},"canonical":"https:\/\/thiagosantos.com\/blog\/php-cabeca-cintura\/","og_locale":"pt_BR","og_type":"article","og_title":"PHP - Da cabe\u00e7a \u00e0 cintura. - Pereira, Thiago Santos.","og_description":"Intro N\u00e3o irei me ater a hist\u00f3ria da linguagem, nem ao seu surgimento e o por qu\u00ea de ser hoje uma das linguagens mais difundidas na internet.\u00a0Vou ser pr\u00e1tico, e tentar passar o conhecimento e a minha desenvoltura adquiridos ao longo dos anos trabalhando com o PHP, nesses posts. Parte 1 \u2013 \u201cecho print var_dump [&hellip;]","og_url":"https:\/\/thiagosantos.com\/blog\/php-cabeca-cintura\/","og_site_name":"Pereira, Thiago Santos.","article_modified_time":"2013-10-18T18:27:12+00:00","schema":{"@context":"https:\/\/schema.org","@graph":[{"@type":"WebPage","@id":"https:\/\/thiagosantos.com\/blog\/php-cabeca-cintura\/","url":"https:\/\/thiagosantos.com\/blog\/php-cabeca-cintura\/","name":"PHP - Da cabe\u00e7a \u00e0 cintura. - Pereira, Thiago Santos.","isPartOf":{"@id":"https:\/\/thiagosantos.com\/blog\/#website"},"datePublished":"2013-10-16T18:54:14+00:00","dateModified":"2013-10-18T18:27:12+00:00","inLanguage":"pt-BR","potentialAction":[{"@type":"ReadAction","target":["https:\/\/thiagosantos.com\/blog\/php-cabeca-cintura\/"]}]},{"@type":"WebSite","@id":"https:\/\/thiagosantos.com\/blog\/#website","url":"https:\/\/thiagosantos.com\/blog\/","name":"Pereira, Thiago Santos.","description":"the fun of code.","potentialAction":[{"@type":"SearchAction","target":{"@type":"EntryPoint","urlTemplate":"https:\/\/thiagosantos.com\/blog\/?s={search_term_string}"},"query-input":{"@type":"PropertyValueSpecification","valueRequired":true,"valueName":"search_term_string"}}],"inLanguage":"pt-BR"}]}},"_links":{"self":[{"href":"https:\/\/thiagosantos.com\/blog\/wp-json\/wp\/v2\/pages\/535","targetHints":{"allow":["GET"]}}],"collection":[{"href":"https:\/\/thiagosantos.com\/blog\/wp-json\/wp\/v2\/pages"}],"about":[{"href":"https:\/\/thiagosantos.com\/blog\/wp-json\/wp\/v2\/types\/page"}],"author":[{"embeddable":true,"href":"https:\/\/thiagosantos.com\/blog\/wp-json\/wp\/v2\/users\/1"}],"replies":[{"embeddable":true,"href":"https:\/\/thiagosantos.com\/blog\/wp-json\/wp\/v2\/comments?post=535"}],"version-history":[{"count":2,"href":"https:\/\/thiagosantos.com\/blog\/wp-json\/wp\/v2\/pages\/535\/revisions"}],"predecessor-version":[{"id":546,"href":"https:\/\/thiagosantos.com\/blog\/wp-json\/wp\/v2\/pages\/535\/revisions\/546"}],"wp:attachment":[{"href":"https:\/\/thiagosantos.com\/blog\/wp-json\/wp\/v2\/media?parent=535"}],"curies":[{"name":"wp","href":"https:\/\/api.w.org\/{rel}","templated":true}]}}