{"id":2,"date":"2009-03-13T14:21:41","date_gmt":"2009-03-13T17:21:41","guid":{"rendered":"http:\/\/www.thiagosantos.com\/blog\/?page_id=2"},"modified":"2023-10-22T20:28:37","modified_gmt":"2023-10-22T23:28:37","slug":"about","status":"publish","type":"page","link":"https:\/\/thiagosantos.com\/blog\/about\/","title":{"rendered":"aboutme"},"content":{"rendered":"<div class=\"entry\">\n<p>Sempre pensei em criar um blog, mas as vezes me batia algumas d\u00favidas: sobre o que vou escrever ?; ser\u00e1 que posso de alguma forma contribuir para melhorar a vida de alguem? ser\u00e1 que o blog vai ajudar a melhorar a minha vida ? ser\u00e1?\u2026ser\u00e1?\u2026.ser\u00e1?<\/p>\n<p>Superando os meus \u201cmedos\u201d, resolvi escrever ent\u00e3o um blog pra mim de uma forma que eu consiga organizar os meus pensamentos e c\u00f3digos de forma clara . Codificar me deixa feliz !<br \/>\nN\u00e3o que somente os c\u00f3digos me deixem felizes, eles deixam, mas a satisfa\u00e7\u00e3o do dever cumprido \u00e9 muito maior. Ent\u00e3o pra quem passa mais tempo em um dia na frente do computador do que a soma dos dias da semana na cama, entende o estou falando !<\/p>\n<p>Vou deixar esse post como sendo o marco zero. Primeiro e se tudo ocorrer conforme os planos, vou escrever os meus melhores c\u00f3digos, todos aberto a sugest\u00f5es, criticas e se der quem sabe, alguns elogios.<\/p>\n<p>Pretendo tratar nesse blog as mais variadas experi\u00eancias com desenvolvimento, seja server-side, client-side ou a integra\u00e7\u00e3o, pontos positivos e negativos.<\/p>\n<p>Bom, algu\u00e9m deve ter notado que como sendo esse o primeiro post n\u00e3o h\u00e1 nada relacionado ao que realmente fa\u00e7o, quais linguagens que domino, as que estou aprendendo e tudo mais, ent\u00e3o l\u00e1 vamos n\u00f3s.<\/p>\n<p>Meu nome \u00e9 Thiago Santos, sou desenvolvedor Web [HTML, CSS, Tableless,PHP, Javascript( com jQuery, ExtJs, Vue ou no osso mesmo! )], experi\u00eancia com MySQL, Spanner, BigQuery, nginx, Apache, C#, Python e outras linguagens e tecnologias. Graduado em Ci\u00eancia da Computa\u00e7\u00e3o pela <del>UniverCidade<\/del> Veiga de Almeida, Rio de Janeiro. <span style=\"text-decoration: line-through;\">Atualmente trabalho na <a title=\"Loja Comunica\u00e7\u00e3o\" href=\"http:\/\/www.lojacomunicacao.com\/\" target=\"_self\" rel=\"noopener\">Loja Comunica\u00e7\u00e3o<\/a>, ag\u00eancia de publicidade e primeira HotShop carioca<\/span>. <del>Atualmente trabalho na Elnet HighTech uma empresa do<a title=\"Grupo MK\" href=\"http:\/\/www.grupomk.com.br\"> Grupo MK<\/a> de comunica\u00e7\u00e3o, como Analista de Sistema.<\/del> Atualmente trabalho na empresa Hiperstream, como Engenheiro de Software Especialista e Tech Lead.<\/p>\n<p>ps: s\u00f3 pra deixar claro: vou tentar ao m\u00e1ximo ser o mais breve e direto poss\u00edvel. Gosto de aprender principalmente com os erros dos outros, mas erro e nesse caso aprendo muito mais. Vou postar algumas frustra\u00e7\u00f5es tamb\u00e9m.<\/p>\n<p>\u201cJogue o seu jogo!\u201d,<br \/>\nAbra\u00e7os<br \/>\nThiago<\/p>\n<\/div>\n","protected":false},"excerpt":{"rendered":"<p>Sempre pensei em criar um blog, mas as vezes me batia algumas d\u00favidas: sobre o que vou escrever ?; ser\u00e1 que posso de alguma forma contribuir para melhorar a vida de alguem? ser\u00e1 que o blog vai ajudar a melhorar a minha vida ? ser\u00e1?\u2026ser\u00e1?\u2026.ser\u00e1? Superando os meus \u201cmedos\u201d, resolvi escrever ent\u00e3o um blog pra [&hellip;]<\/p>\n","protected":false},"author":1,"featured_media":0,"parent":0,"menu_order":0,"comment_status":"open","ping_status":"open","template":"","meta":{"footnotes":""},"class_list":["post-2","page","type-page","status-publish","hentry"],"yoast_head":"<!-- This site is optimized with the Yoast SEO plugin v24.3 - https:\/\/yoast.com\/wordpress\/plugins\/seo\/ -->\n<title>aboutme - Pereira, Thiago Santos.<\/title>\n<meta name=\"robots\" content=\"index, follow, max-snippet:-1, max-image-preview:large, max-video-preview:-1\" \/>\n<link rel=\"canonical\" href=\"https:\/\/thiagosantos.com\/blog\/about\/\" \/>\n<meta property=\"og:locale\" content=\"pt_BR\" \/>\n<meta property=\"og:type\" content=\"article\" \/>\n<meta property=\"og:title\" content=\"aboutme - Pereira, Thiago Santos.\" \/>\n<meta property=\"og:description\" content=\"Sempre pensei em criar um blog, mas as vezes me batia algumas d\u00favidas: sobre o que vou escrever ?; ser\u00e1 que posso de alguma forma contribuir para melhorar a vida de alguem? ser\u00e1 que o blog vai ajudar a melhorar a minha vida ? ser\u00e1?\u2026ser\u00e1?\u2026.ser\u00e1? Superando os meus \u201cmedos\u201d, resolvi escrever ent\u00e3o um blog pra [&hellip;]\" \/>\n<meta property=\"og:url\" content=\"https:\/\/thiagosantos.com\/blog\/about\/\" \/>\n<meta property=\"og:site_name\" content=\"Pereira, Thiago Santos.\" \/>\n<meta property=\"article:modified_time\" content=\"2023-10-22T23:28:37+00:00\" \/>\n<meta name=\"twitter:label1\" content=\"Est. tempo de leitura\" \/>\n\t<meta name=\"twitter:data1\" content=\"2 minutos\" \/>\n<script type=\"application\/ld+json\" class=\"yoast-schema-graph\">{\"@context\":\"https:\/\/schema.org\",\"@graph\":[{\"@type\":\"WebPage\",\"@id\":\"https:\/\/thiagosantos.com\/blog\/about\/\",\"url\":\"https:\/\/thiagosantos.com\/blog\/about\/\",\"name\":\"aboutme - Pereira, Thiago Santos.\",\"isPartOf\":{\"@id\":\"https:\/\/thiagosantos.com\/blog\/#website\"},\"datePublished\":\"2009-03-13T17:21:41+00:00\",\"dateModified\":\"2023-10-22T23:28:37+00:00\",\"inLanguage\":\"pt-BR\",\"potentialAction\":[{\"@type\":\"ReadAction\",\"target\":[\"https:\/\/thiagosantos.com\/blog\/about\/\"]}]},{\"@type\":\"WebSite\",\"@id\":\"https:\/\/thiagosantos.com\/blog\/#website\",\"url\":\"https:\/\/thiagosantos.com\/blog\/\",\"name\":\"Pereira, Thiago Santos.\",\"description\":\"the fun of code.\",\"potentialAction\":[{\"@type\":\"SearchAction\",\"target\":{\"@type\":\"EntryPoint\",\"urlTemplate\":\"https:\/\/thiagosantos.com\/blog\/?s={search_term_string}\"},\"query-input\":{\"@type\":\"PropertyValueSpecification\",\"valueRequired\":true,\"valueName\":\"search_term_string\"}}],\"inLanguage\":\"pt-BR\"}]}<\/script>\n<!-- \/ Yoast SEO plugin. -->","yoast_head_json":{"title":"aboutme - Pereira, Thiago Santos.","robots":{"index":"index","follow":"follow","max-snippet":"max-snippet:-1","max-image-preview":"max-image-preview:large","max-video-preview":"max-video-preview:-1"},"canonical":"https:\/\/thiagosantos.com\/blog\/about\/","og_locale":"pt_BR","og_type":"article","og_title":"aboutme - Pereira, Thiago Santos.","og_description":"Sempre pensei em criar um blog, mas as vezes me batia algumas d\u00favidas: sobre o que vou escrever ?; ser\u00e1 que posso de alguma forma contribuir para melhorar a vida de alguem? ser\u00e1 que o blog vai ajudar a melhorar a minha vida ? ser\u00e1?\u2026ser\u00e1?\u2026.ser\u00e1? Superando os meus \u201cmedos\u201d, resolvi escrever ent\u00e3o um blog pra [&hellip;]","og_url":"https:\/\/thiagosantos.com\/blog\/about\/","og_site_name":"Pereira, Thiago Santos.","article_modified_time":"2023-10-22T23:28:37+00:00","twitter_misc":{"Est. tempo de leitura":"2 minutos"},"schema":{"@context":"https:\/\/schema.org","@graph":[{"@type":"WebPage","@id":"https:\/\/thiagosantos.com\/blog\/about\/","url":"https:\/\/thiagosantos.com\/blog\/about\/","name":"aboutme - Pereira, Thiago Santos.","isPartOf":{"@id":"https:\/\/thiagosantos.com\/blog\/#website"},"datePublished":"2009-03-13T17:21:41+00:00","dateModified":"2023-10-22T23:28:37+00:00","inLanguage":"pt-BR","potentialAction":[{"@type":"ReadAction","target":["https:\/\/thiagosantos.com\/blog\/about\/"]}]},{"@type":"WebSite","@id":"https:\/\/thiagosantos.com\/blog\/#website","url":"https:\/\/thiagosantos.com\/blog\/","name":"Pereira, Thiago Santos.","description":"the fun of code.","potentialAction":[{"@type":"SearchAction","target":{"@type":"EntryPoint","urlTemplate":"https:\/\/thiagosantos.com\/blog\/?s={search_term_string}"},"query-input":{"@type":"PropertyValueSpecification","valueRequired":true,"valueName":"search_term_string"}}],"inLanguage":"pt-BR"}]}},"_links":{"self":[{"href":"https:\/\/thiagosantos.com\/blog\/wp-json\/wp\/v2\/pages\/2","targetHints":{"allow":["GET"]}}],"collection":[{"href":"https:\/\/thiagosantos.com\/blog\/wp-json\/wp\/v2\/pages"}],"about":[{"href":"https:\/\/thiagosantos.com\/blog\/wp-json\/wp\/v2\/types\/page"}],"author":[{"embeddable":true,"href":"https:\/\/thiagosantos.com\/blog\/wp-json\/wp\/v2\/users\/1"}],"replies":[{"embeddable":true,"href":"https:\/\/thiagosantos.com\/blog\/wp-json\/wp\/v2\/comments?post=2"}],"version-history":[{"count":6,"href":"https:\/\/thiagosantos.com\/blog\/wp-json\/wp\/v2\/pages\/2\/revisions"}],"predecessor-version":[{"id":835,"href":"https:\/\/thiagosantos.com\/blog\/wp-json\/wp\/v2\/pages\/2\/revisions\/835"}],"wp:attachment":[{"href":"https:\/\/thiagosantos.com\/blog\/wp-json\/wp\/v2\/media?parent=2"}],"curies":[{"name":"wp","href":"https:\/\/api.w.org\/{rel}","templated":true}]}}